{"id":3553,"date":"2017-07-13T07:19:33","date_gmt":"2017-07-13T07:19:33","guid":{"rendered":"http:\/\/www.catalinascollection.com\/nosotros\/"},"modified":"2020-02-19T18:30:30","modified_gmt":"2020-02-19T18:30:30","slug":"nosotros","status":"publish","type":"page","link":"https:\/\/www.catalinascollection.com\/es\/nosotros\/","title":{"rendered":"Nosotros"},"content":{"rendered":"<section class=\"wpb-content-wrapper\"><p>[vc_row full_width=\u00bbstretch_row_content_no_spaces\u00bb equal_height=\u00bbyes\u00bb css=\u00bb.vc_custom_1579888111191{margin-top: -40px !important;border-top-width: 1px !important;border-top-color: #efefef !important;border-top-style: solid !important;}\u00bb mobile_bg_img_hidden=\u00bbno\u00bb tablet_bg_img_hidden=\u00bbno\u00bb woodmart_parallax=\u00bb0&#8243; woodmart_gradient_switch=\u00bbno\u00bb row_reverse_mobile=\u00bb0&#8243; row_reverse_tablet=\u00bb0&#8243; woodmart_disable_overflow=\u00bb0&#8243;][vc_column css=\u00bb.vc_custom_1497520246521{padding-top: 0px !important;}\u00bb offset=\u00bbvc_col-lg-6 vc_col-md-12 vc_col-xs-12&#8243;]\t\t<div id=\"gallery_159\" class=\"wd-images-gallery wd-justify-center wd-items-middle view-grid photoswipe-images\" >\n\t\t\t<div class=\"gallery-images row wd-spacing-2\">\n\t\t\t\t\t\t\t\t\t\t\t\t\t\t\t<div class=\"wd-gallery-item col-lg-12 col-md-12 col-sm-12 col-12\">\n\t\t\t\t\t\t\t\t\t\t\t\t\t\t<a href=\"https:\/\/www.catalinascollection.com\/wp-content\/uploads\/2020\/02\/kiosko.jpg\" data-elementor-open-lightbox=\"no\" data-index=\"1\" data-width=\"1510\" data-height=\"1000\"  >\n\t\t\t\t\t\t\t\t\n\t\t\t\t\t\t\t\t<img width=\"1200\" height=\"1000\" src=\"data:image\/jpg;base64,\/9j\/4AAQSkZJRgABAQEAYABgAAD\/\/gA7Q1JFQVRPUjogZ2QtanBlZyB2MS4wICh1c2luZyBJSkcgSlBFRyB2NjIpLCBxdWFsaXR5ID0gODIK\/9sAQwAGBAQFBAQGBQUFBgYGBwkOCQkICAkSDQ0KDhUSFhYVEhQUFxohHBcYHxkUFB0nHR8iIyUlJRYcKSwoJCshJCUk\/9sAQwEGBgYJCAkRCQkRJBgUGCQkJCQkJCQkJCQkJCQkJCQkJCQkJCQkJCQkJCQkJCQkJCQkJCQkJCQkJCQkJCQkJCQk\/8AAEQgACgAMAwEiAAIRAQMRAf\/EAB8AAAEFAQEBAQEBAAAAAAAAAAABAgMEBQYHCAkKC\/\/EALUQAAIBAwMCBAMFBQQEAAABfQECAwAEEQUSITFBBhNRYQcicRQygZGhCCNCscEVUtHwJDNicoIJChYXGBkaJSYnKCkqNDU2Nzg5OkNERUZHSElKU1RVVldYWVpjZGVmZ2hpanN0dXZ3eHl6g4SFhoeIiYqSk5SVlpeYmZqio6Slpqeoqaqys7S1tre4ubrCw8TFxsfIycrS09TV1tfY2drh4uPk5ebn6Onq8fLz9PX29\/j5+v\/EAB8BAAMBAQEBAQEBAQEAAAAAAAABAgMEBQYHCAkKC\/\/EALURAAIBAgQEAwQHBQQEAAECdwABAgMRBAUhMQYSQVEHYXETIjKBCBRCkaGxwQkjM1LwFWJy0QoWJDThJfEXGBkaJicoKSo1Njc4OTpDREVGR0hJSlNUVVZXWFlaY2RlZmdoaWpzdHV2d3h5eoKDhIWGh4iJipKTlJWWl5iZmqKjpKWmp6ipqrKztLW2t7i5usLDxMXGx8jJytLT1NXW19jZ2uLj5OXm5+jp6vLz9PX29\/j5+v\/aAAwDAQACEQMRAD8AZq+raBrN99hj8Q3kOsxJm7gjtjGEcBSAp2\/Nye5P0r0jw1aaTqGh2VxdxQC5aFPNLqMs20ZPWvlS9u7iLXbgxzyocycq5HY17H4Anlk8Nwl5XY7iMliewrispVZK1rHdKUowWp\/\/2Q==\" class=\"wd-gallery-image image-1 wd-lazy-load wd-lazy-fade\" alt=\"Catalina&#039;s Collection\" decoding=\"async\" loading=\"lazy\" data-wood-src=\"https:\/\/www.catalinascollection.com\/wp-content\/uploads\/2020\/02\/kiosko-1200x1000.jpg\" srcset=\"\" \/>\n\t\t\t\t\t\t\t\t\t\t\t\t\t\t\t<\/a>\n\t\t\t\t\t\t\t\t\t\t\t\t<\/div>\n\t\t\t\t\t\t\t\t\t\t\t<div class=\"wd-gallery-item col-lg-12 col-md-12 col-sm-12 col-12\">\n\t\t\t\t\t\t\t\t\t\t\t\t\t\t<a href=\"https:\/\/www.catalinascollection.com\/wp-content\/uploads\/2020\/02\/stand.jpg\" data-elementor-open-lightbox=\"no\" data-index=\"2\" data-width=\"1440\" data-height=\"1440\"  >\n\t\t\t\t\t\t\t\t\n\t\t\t\t\t\t\t\t<img width=\"1200\" height=\"1000\" src=\"data:image\/jpg;base64,\/9j\/4AAQSkZJRgABAQEAYABgAAD\/\/gA7Q1JFQVRPUjogZ2QtanBlZyB2MS4wICh1c2luZyBJSkcgSlBFRyB2NjIpLCBxdWFsaXR5ID0gODIK\/9sAQwAGBAQFBAQGBQUFBgYGBwkOCQkICAkSDQ0KDhUSFhYVEhQUFxohHBcYHxkUFB0nHR8iIyUlJRYcKSwoJCshJCUk\/9sAQwEGBgYJCAkRCQkRJBgUGCQkJCQkJCQkJCQkJCQkJCQkJCQkJCQkJCQkJCQkJCQkJCQkJCQkJCQkJCQkJCQkJCQk\/8AAEQgACgAMAwEiAAIRAQMRAf\/EAB8AAAEFAQEBAQEBAAAAAAAAAAABAgMEBQYHCAkKC\/\/EALUQAAIBAwMCBAMFBQQEAAABfQECAwAEEQUSITFBBhNRYQcicRQygZGhCCNCscEVUtHwJDNicoIJChYXGBkaJSYnKCkqNDU2Nzg5OkNERUZHSElKU1RVVldYWVpjZGVmZ2hpanN0dXZ3eHl6g4SFhoeIiYqSk5SVlpeYmZqio6Slpqeoqaqys7S1tre4ubrCw8TFxsfIycrS09TV1tfY2drh4uPk5ebn6Onq8fLz9PX29\/j5+v\/EAB8BAAMBAQEBAQEBAQEAAAAAAAABAgMEBQYHCAkKC\/\/EALURAAIBAgQEAwQHBQQEAAECdwABAgMRBAUhMQYSQVEHYXETIjKBCBRCkaGxwQkjM1LwFWJy0QoWJDThJfEXGBkaJicoKSo1Njc4OTpDREVGR0hJSlNUVVZXWFlaY2RlZmdoaWpzdHV2d3h5eoKDhIWGh4iJipKTlJWWl5iZmqKjpKWmp6ipqrKztLW2t7i5usLDxMXGx8jJytLT1NXW19jZ2uLj5OXm5+jp6vLz9PX29\/j5+v\/aAAwDAQACEQMRAD8Alk8b3emanJJc3unxSR4UrcPGh5ycBiRu\/PA6d6858aahPr+ttdXWu6c7KpjViz4K7mI24UjHNec2sjhw29skkZz\/ALIq8gBXJGayVJGnPbY\/\/9k=\" class=\"wd-gallery-image image-2 wd-lazy-load wd-lazy-fade\" alt=\"Catalina&#039;s Collection\" decoding=\"async\" loading=\"lazy\" data-wood-src=\"https:\/\/www.catalinascollection.com\/wp-content\/uploads\/2020\/02\/stand-1200x1000.jpg\" srcset=\"\" \/>\n\t\t\t\t\t\t\t\t\t\t\t\t\t\t\t<\/a>\n\t\t\t\t\t\t\t\t\t\t\t\t<\/div>\n\t\t\t\t\t\t\t\t\t\t\t\t<\/div>\n\t\t<\/div>\n\t\t\t\t[\/vc_column][vc_column woodmart_sticky_column=\u00bbtrue\u00bb css=\u00bb.vc_custom_1499677904738{padding-top: 8vh !important;padding-right: 5% !important;padding-left: 7% !important;}\u00bb offset=\u00bbvc_col-lg-5 vc_col-md-8 vc_col-xs-12&#8243;][vc_custom_heading text=\u00bbBienvenid@ a nuestra tienda en l\u00ednea\u00bb font_container=\u00bbtag:p|font_size:18|text_align:left|color:%23a3a3a3&#8243; use_theme_fonts=\u00bbyes\u00bb css=\u00bb.vc_custom_1582135772142{margin-bottom: 10px !important;}\u00bb]\n\t\t<div id=\"wd-5e4d79e416e5c\" class=\"title-wrapper wd-wpb set-mb-s reset-last-child  wd-rs-5e4d79e416e5c wd-title-color-default wd-title-style-default text-left vc_custom_1582135779525 wd-underline-colored\">\n\t\t\t\t\t\t\t<div class=\"title-subtitle  subtitle-color-default font-default subtitle-style-default wd-font-weight- wd-fontsize-m\">Catalina's Collection<\/div>\n\t\t\t\n\t\t\t<div class=\"liner-continer\">\n\t\t\t\t<h4 class=\"woodmart-title-container title  wd-font-weight- wd-fontsize-xxxl\" >Nosotros<\/h4>\n\t\t\t\t\t\t\t<\/div>\n\t\t\t\n\t\t\t\n\t\t\t\n\t\t<\/div>\n\t\t\n\t\t[vc_custom_heading text=\u00bbCatalina&#8217;s Collection es una PYME familiar que naci\u00f3 en el 2010 como un proyecto personal.\u00bb font_container=\u00bbtag:p|font_size:24|text_align:left|color:%23212121&#8243; use_theme_fonts=\u00bbyes\u00bb][vc_column_text 0=\u00bb\u00bb css=\u00bb.vc_custom_1582136013856{margin-bottom: 25px !important;padding-right: 5% !important;}\u00bb el_class=\u00bbtext-larger\u00bb text_larger=\u00bbno\u00bb]<span style=\"font-weight: 400;\">Desde joven Catalina tuvo el sue\u00f1o de tener en el pa\u00eds la primera marca Premium de productos de cuidado personal, es as\u00ed como nos damos a la tarea de buscar dentro y fuera del pa\u00eds a los mejores proveedores de insumos para el desarrollo de la cosm\u00e9tica para entonces crear y desarrollar lo que hoy es Catalina\u2019s Collection.<\/span><\/p>\n<p><span style=\"font-weight: 400;\">Han sido muchos a\u00f1os de pruebas y errores, semanas y semanas sin descansar, de crecimiento constante, y de mucho trabajo en equipo lo que hoy nos posiciona en el mercado como la mejor y mas confiable l\u00ednea de productos de cuidado personal del pa\u00eds y si, orgullosamente hecha en Costa Rica.<\/span><\/p>\n<p><span style=\"font-weight: 400;\">Hoy contamos con nuestro propio laboratorio de desarrollo y producci\u00f3n para nuestros productos, construido siguiendo los lineamientos del reglamento centroamericano de buenas practicas de manufactura. Todos nuestros productos son desarrollados y elaborados bajo estricto control de nuestro jefe de producci\u00f3n (Ing. Qu\u00edmico) el cual se cerciora que lo que empieza como una idea se plasme en un producto que sea amigable con nuestros clientes y el medio ambiente.<\/span>[\/vc_column_text][vc_column_text 0=\u00bb\u00bb css=\u00bb.vc_custom_1582136052288{margin-bottom: 25px !important;padding-right: 5% !important;}\u00bb el_class=\u00bbtext-larger\u00bb text_larger=\u00bbno\u00bb]<strong>Tenemos un gran compromiso con nuestros consumidores, clientes y el planeta por lo cual:<\/strong><\/p>\n<ul>\n<li><span style=\"font-weight: 400;\">Utilizamos extractos Naturales<\/span><\/li>\n<li><span style=\"font-weight: 400;\">Nuestros envases son reciclables<\/span><\/li>\n<li><span style=\"font-weight: 400;\">Todos nuestros ingredientes Activos cuentan con estudios cl\u00ednicos y certificaciones<\/span><\/li>\n<li><span style=\"font-weight: 400;\">Todos nuestros productos cuentan con permiso del ministerio de Salud<\/span><\/li>\n<li><span style=\"font-weight: 400;\">No hacemos test en Animales<\/span><\/li>\n<li><span style=\"font-weight: 400;\">Nuestros productos son libres de Gluten\u00a0<\/span><\/li>\n<li><span style=\"font-weight: 400;\">Utilizamos los dos mejores ingredientes del mundo en nuestro desarrollo <em>(Amor y Pasi\u00f3n por lo que hacemos)<\/em><\/span><\/li>\n<\/ul>\n<p>[\/vc_column_text][vc_separator][vc_video link=\u00bbhttps:\/\/www.youtube.com\/watch?v=qzYOtQhhrDE\u00bb image_poster_switch=\u00bbno\u00bb][\/vc_column][\/vc_row][vc_row][vc_column]\n\t\t<div id=\"wd-5e46fcdaee444\" class=\"title-wrapper wd-wpb set-mb-s reset-last-child  wd-rs-5e46fcdaee444 wd-title-color-default wd-title-style-bordered text-center  wd-underline-colored\">\n\t\t\t\n\t\t\t<div class=\"liner-continer\">\n\t\t\t\t<h4 class=\"woodmart-title-container title  wd-font-weight- wd-fontsize-l\" >@INSTAGRAM<\/h4>\n\t\t\t\t\t\t\t<\/div>\n\t\t\t\n\t\t\t\n\t\t\t\n\t\t<\/div>\n\t\t\n\t\t[\/vc_column][\/vc_row][vc_row full_width=\u00bbstretch_row_content_no_spaces\u00bb mobile_bg_img_hidden=\u00bbno\u00bb tablet_bg_img_hidden=\u00bbno\u00bb woodmart_parallax=\u00bb0&#8243; woodmart_gradient_switch=\u00bbno\u00bb row_reverse_mobile=\u00bb0&#8243; row_reverse_tablet=\u00bb0&#8243; woodmart_disable_overflow=\u00bb0&#8243;][vc_column]<div id=\"carousel-796\" data-atts=\"{&quot;title&quot;:&quot;&quot;,&quot;username&quot;:&quot;catalinascollection&quot;,&quot;number&quot;:&quot;15&quot;,&quot;size&quot;:&quot;medium&quot;,&quot;target&quot;:&quot;_self&quot;,&quot;link&quot;:&quot;&quot;,&quot;design&quot;:&quot;slider&quot;,&quot;spacing&quot;:&quot;0&quot;,&quot;spacing_custom&quot;:6,&quot;rounded&quot;:&quot;0&quot;,&quot;per_row&quot;:&quot;6&quot;,&quot;per_row_tablet&quot;:&quot;auto&quot;,&quot;per_row_mobile&quot;:&quot;auto&quot;,&quot;hide_mask&quot;:&quot;0&quot;,&quot;hide_pagination_control&quot;:&quot;yes&quot;,&quot;hide_prev_next_buttons&quot;:&quot;yes&quot;,&quot;el_class&quot;:&quot;&quot;,&quot;content&quot;:&quot;&quot;,&quot;data_source&quot;:&quot;ajax&quot;,&quot;woodmart_css_id&quot;:&quot;69e60ebae2312&quot;,&quot;css&quot;:&quot;&quot;,&quot;images&quot;:[],&quot;images_size&quot;:&quot;medium&quot;,&quot;images_link&quot;:&quot;&quot;,&quot;images_likes&quot;:&quot;1000-10000&quot;,&quot;images_comments&quot;:&quot;0-1000&quot;}\" data-username=\"catalinascollection\" class=\"instagram-pics instagram-widget  wd-rs-69e60ebae2312 instagram-slider data-source-ajax wd-carousel-container wd-carousel-spacing-0 instagram-with-error\" data-owl-carousel data-hide_pagination_control=\"yes\" data-hide_prev_next_buttons=\"yes\" data-desktop=\"6\" data-tablet_landscape=\"4\" data-tablet=\"3\" data-mobile=\"2\">\t\t\t\t<div class=\" owl-carousel wd-owl owl-items-lg-6 owl-items-md-4 owl-items-sm-3 owl-items-xs-2\">\n\t\t\t\t\t\t\t\t\t\t\t\t\t\t<div class=\"instagram-picture\">\n\t\t\t\t\t\t<div class=\"wrapp-picture\">\n\t\t\t\t\t\t\t<a href=\"#\" target=\"_self\" aria-label=\"Instagram picture\"><\/a>\n\n\t\t\t\t\t\t\t<img class=\"wd-lazy-load wd-lazy-fade\" src=\"https:\/\/www.catalinascollection.com\/wp-content\/themes\/woodmart\/images\/lazy.png\" data-wood-src=\"https:\/\/www.catalinascollection.com\/wp-content\/themes\/woodmart\/inc\/admin\/assets\/images\/settings\/instagram\/insta-placeholder.jpg\" alt=\"Instagram image\"\/>\n\t\t\t\t\t\t\t\t\t\t\t\t\t<\/div>\n\t\t\t\t\t<\/div>\n\t\t\t\t\t\t\t\t\t\t\t\t\t\t<div class=\"instagram-picture\">\n\t\t\t\t\t\t<div class=\"wrapp-picture\">\n\t\t\t\t\t\t\t<a href=\"#\" target=\"_self\" aria-label=\"Instagram picture\"><\/a>\n\n\t\t\t\t\t\t\t<img class=\"wd-lazy-load wd-lazy-fade\" src=\"https:\/\/www.catalinascollection.com\/wp-content\/themes\/woodmart\/images\/lazy.png\" data-wood-src=\"https:\/\/www.catalinascollection.com\/wp-content\/themes\/woodmart\/inc\/admin\/assets\/images\/settings\/instagram\/insta-placeholder.jpg\" alt=\"Instagram image\"\/>\n\t\t\t\t\t\t\t\t\t\t\t\t\t<\/div>\n\t\t\t\t\t<\/div>\n\t\t\t\t\t\t\t\t\t\t\t\t\t\t<div class=\"instagram-picture\">\n\t\t\t\t\t\t<div class=\"wrapp-picture\">\n\t\t\t\t\t\t\t<a href=\"#\" target=\"_self\" aria-label=\"Instagram picture\"><\/a>\n\n\t\t\t\t\t\t\t<img class=\"wd-lazy-load wd-lazy-fade\" src=\"https:\/\/www.catalinascollection.com\/wp-content\/themes\/woodmart\/images\/lazy.png\" data-wood-src=\"https:\/\/www.catalinascollection.com\/wp-content\/themes\/woodmart\/inc\/admin\/assets\/images\/settings\/instagram\/insta-placeholder.jpg\" alt=\"Instagram image\"\/>\n\t\t\t\t\t\t\t\t\t\t\t\t\t<\/div>\n\t\t\t\t\t<\/div>\n\t\t\t\t\t\t\t\t\t\t\t\t\t\t<div class=\"instagram-picture\">\n\t\t\t\t\t\t<div class=\"wrapp-picture\">\n\t\t\t\t\t\t\t<a href=\"#\" target=\"_self\" aria-label=\"Instagram picture\"><\/a>\n\n\t\t\t\t\t\t\t<img class=\"wd-lazy-load wd-lazy-fade\" src=\"https:\/\/www.catalinascollection.com\/wp-content\/themes\/woodmart\/images\/lazy.png\" data-wood-src=\"https:\/\/www.catalinascollection.com\/wp-content\/themes\/woodmart\/inc\/admin\/assets\/images\/settings\/instagram\/insta-placeholder.jpg\" alt=\"Instagram image\"\/>\n\t\t\t\t\t\t\t\t\t\t\t\t\t<\/div>\n\t\t\t\t\t<\/div>\n\t\t\t\t\t\t\t\t\t\t\t\t\t\t<div class=\"instagram-picture\">\n\t\t\t\t\t\t<div class=\"wrapp-picture\">\n\t\t\t\t\t\t\t<a href=\"#\" target=\"_self\" aria-label=\"Instagram picture\"><\/a>\n\n\t\t\t\t\t\t\t<img class=\"wd-lazy-load wd-lazy-fade\" src=\"https:\/\/www.catalinascollection.com\/wp-content\/themes\/woodmart\/images\/lazy.png\" data-wood-src=\"https:\/\/www.catalinascollection.com\/wp-content\/themes\/woodmart\/inc\/admin\/assets\/images\/settings\/instagram\/insta-placeholder.jpg\" alt=\"Instagram image\"\/>\n\t\t\t\t\t\t\t\t\t\t\t\t\t<\/div>\n\t\t\t\t\t<\/div>\n\t\t\t\t\t\t\t\t\t\t\t\t\t\t<div class=\"instagram-picture\">\n\t\t\t\t\t\t<div class=\"wrapp-picture\">\n\t\t\t\t\t\t\t<a href=\"#\" target=\"_self\" aria-label=\"Instagram picture\"><\/a>\n\n\t\t\t\t\t\t\t<img class=\"wd-lazy-load wd-lazy-fade\" src=\"https:\/\/www.catalinascollection.com\/wp-content\/themes\/woodmart\/images\/lazy.png\" data-wood-src=\"https:\/\/www.catalinascollection.com\/wp-content\/themes\/woodmart\/inc\/admin\/assets\/images\/settings\/instagram\/insta-placeholder.jpg\" alt=\"Instagram image\"\/>\n\t\t\t\t\t\t\t\t\t\t\t\t\t<\/div>\n\t\t\t\t\t<\/div>\n\t\t\t\t\t\t\t\t\t\t\t\t\t\t<div class=\"instagram-picture\">\n\t\t\t\t\t\t<div class=\"wrapp-picture\">\n\t\t\t\t\t\t\t<a href=\"#\" target=\"_self\" aria-label=\"Instagram picture\"><\/a>\n\n\t\t\t\t\t\t\t<img class=\"wd-lazy-load wd-lazy-fade\" src=\"https:\/\/www.catalinascollection.com\/wp-content\/themes\/woodmart\/images\/lazy.png\" data-wood-src=\"https:\/\/www.catalinascollection.com\/wp-content\/themes\/woodmart\/inc\/admin\/assets\/images\/settings\/instagram\/insta-placeholder.jpg\" alt=\"Instagram image\"\/>\n\t\t\t\t\t\t\t\t\t\t\t\t\t<\/div>\n\t\t\t\t\t<\/div>\n\t\t\t\t\t\t\t\t\t\t\t\t\t\t<div class=\"instagram-picture\">\n\t\t\t\t\t\t<div class=\"wrapp-picture\">\n\t\t\t\t\t\t\t<a href=\"#\" target=\"_self\" aria-label=\"Instagram picture\"><\/a>\n\n\t\t\t\t\t\t\t<img class=\"wd-lazy-load wd-lazy-fade\" src=\"https:\/\/www.catalinascollection.com\/wp-content\/themes\/woodmart\/images\/lazy.png\" data-wood-src=\"https:\/\/www.catalinascollection.com\/wp-content\/themes\/woodmart\/inc\/admin\/assets\/images\/settings\/instagram\/insta-placeholder.jpg\" alt=\"Instagram image\"\/>\n\t\t\t\t\t\t\t\t\t\t\t\t\t<\/div>\n\t\t\t\t\t<\/div>\n\t\t\t\t\t\t\t\t\t\t\t\t\t\t<div class=\"instagram-picture\">\n\t\t\t\t\t\t<div class=\"wrapp-picture\">\n\t\t\t\t\t\t\t<a href=\"#\" target=\"_self\" aria-label=\"Instagram picture\"><\/a>\n\n\t\t\t\t\t\t\t<img class=\"wd-lazy-load wd-lazy-fade\" src=\"https:\/\/www.catalinascollection.com\/wp-content\/themes\/woodmart\/images\/lazy.png\" data-wood-src=\"https:\/\/www.catalinascollection.com\/wp-content\/themes\/woodmart\/inc\/admin\/assets\/images\/settings\/instagram\/insta-placeholder.jpg\" alt=\"Instagram image\"\/>\n\t\t\t\t\t\t\t\t\t\t\t\t\t<\/div>\n\t\t\t\t\t<\/div>\n\t\t\t\t\t\t\t\t\t\t\t\t\t\t<div class=\"instagram-picture\">\n\t\t\t\t\t\t<div class=\"wrapp-picture\">\n\t\t\t\t\t\t\t<a href=\"#\" target=\"_self\" aria-label=\"Instagram picture\"><\/a>\n\n\t\t\t\t\t\t\t<img class=\"wd-lazy-load wd-lazy-fade\" src=\"https:\/\/www.catalinascollection.com\/wp-content\/themes\/woodmart\/images\/lazy.png\" data-wood-src=\"https:\/\/www.catalinascollection.com\/wp-content\/themes\/woodmart\/inc\/admin\/assets\/images\/settings\/instagram\/insta-placeholder.jpg\" alt=\"Instagram image\"\/>\n\t\t\t\t\t\t\t\t\t\t\t\t\t<\/div>\n\t\t\t\t\t<\/div>\n\t\t\t\t\t\t\t\t\t\t\t\t\t\t<div class=\"instagram-picture\">\n\t\t\t\t\t\t<div class=\"wrapp-picture\">\n\t\t\t\t\t\t\t<a href=\"#\" target=\"_self\" aria-label=\"Instagram picture\"><\/a>\n\n\t\t\t\t\t\t\t<img class=\"wd-lazy-load wd-lazy-fade\" src=\"https:\/\/www.catalinascollection.com\/wp-content\/themes\/woodmart\/images\/lazy.png\" data-wood-src=\"https:\/\/www.catalinascollection.com\/wp-content\/themes\/woodmart\/inc\/admin\/assets\/images\/settings\/instagram\/insta-placeholder.jpg\" alt=\"Instagram image\"\/>\n\t\t\t\t\t\t\t\t\t\t\t\t\t<\/div>\n\t\t\t\t\t<\/div>\n\t\t\t\t\t\t\t\t\t\t\t\t\t\t<div class=\"instagram-picture\">\n\t\t\t\t\t\t<div class=\"wrapp-picture\">\n\t\t\t\t\t\t\t<a href=\"#\" target=\"_self\" aria-label=\"Instagram picture\"><\/a>\n\n\t\t\t\t\t\t\t<img class=\"wd-lazy-load wd-lazy-fade\" src=\"https:\/\/www.catalinascollection.com\/wp-content\/themes\/woodmart\/images\/lazy.png\" data-wood-src=\"https:\/\/www.catalinascollection.com\/wp-content\/themes\/woodmart\/inc\/admin\/assets\/images\/settings\/instagram\/insta-placeholder.jpg\" alt=\"Instagram image\"\/>\n\t\t\t\t\t\t\t\t\t\t\t\t\t<\/div>\n\t\t\t\t\t<\/div>\n\t\t\t\t\t\t\t\t\t\t\t\t\t\t<div class=\"instagram-picture\">\n\t\t\t\t\t\t<div class=\"wrapp-picture\">\n\t\t\t\t\t\t\t<a href=\"#\" target=\"_self\" aria-label=\"Instagram picture\"><\/a>\n\n\t\t\t\t\t\t\t<img class=\"wd-lazy-load wd-lazy-fade\" src=\"https:\/\/www.catalinascollection.com\/wp-content\/themes\/woodmart\/images\/lazy.png\" data-wood-src=\"https:\/\/www.catalinascollection.com\/wp-content\/themes\/woodmart\/inc\/admin\/assets\/images\/settings\/instagram\/insta-placeholder.jpg\" alt=\"Instagram image\"\/>\n\t\t\t\t\t\t\t\t\t\t\t\t\t<\/div>\n\t\t\t\t\t<\/div>\n\t\t\t\t\t\t\t\t\t\t\t\t\t\t<div class=\"instagram-picture\">\n\t\t\t\t\t\t<div class=\"wrapp-picture\">\n\t\t\t\t\t\t\t<a href=\"#\" target=\"_self\" aria-label=\"Instagram picture\"><\/a>\n\n\t\t\t\t\t\t\t<img class=\"wd-lazy-load wd-lazy-fade\" src=\"https:\/\/www.catalinascollection.com\/wp-content\/themes\/woodmart\/images\/lazy.png\" data-wood-src=\"https:\/\/www.catalinascollection.com\/wp-content\/themes\/woodmart\/inc\/admin\/assets\/images\/settings\/instagram\/insta-placeholder.jpg\" alt=\"Instagram image\"\/>\n\t\t\t\t\t\t\t\t\t\t\t\t\t<\/div>\n\t\t\t\t\t<\/div>\n\t\t\t\t\t\t\t\t\t\t\t\t\t\t<div class=\"instagram-picture\">\n\t\t\t\t\t\t<div class=\"wrapp-picture\">\n\t\t\t\t\t\t\t<a href=\"#\" target=\"_self\" aria-label=\"Instagram picture\"><\/a>\n\n\t\t\t\t\t\t\t<img class=\"wd-lazy-load wd-lazy-fade\" src=\"https:\/\/www.catalinascollection.com\/wp-content\/themes\/woodmart\/images\/lazy.png\" data-wood-src=\"https:\/\/www.catalinascollection.com\/wp-content\/themes\/woodmart\/inc\/admin\/assets\/images\/settings\/instagram\/insta-placeholder.jpg\" alt=\"Instagram image\"\/>\n\t\t\t\t\t\t\t\t\t\t\t\t\t<\/div>\n\t\t\t\t\t<\/div>\n\t\t\t\t\t\t\t\t<\/div>\n\t\t\t<\/div>[\/vc_column][\/vc_row]<\/p>\n<\/section>","protected":false},"excerpt":{"rendered":"<p>[vc_row full_width=\u00bbstretch_row_content_no_spaces\u00bb equal_height=\u00bbyes\u00bb css=\u00bb.vc_custom_1579888111191{margin-top: -40px !important;border-top-width: 1px !important;border-top-color: #efefef !important;border-top-style: solid !important;}\u00bb mobile_bg_img_hidden=\u00bbno\u00bb tablet_bg_img_hidden=\u00bbno\u00bb woodmart_parallax=\u00bb0&#8243; woodmart_gradient_switch=\u00bbno\u00bb row_reverse_mobile=\u00bb0&#8243; row_reverse_tablet=\u00bb0&#8243; woodmart_disable_overflow=\u00bb0&#8243;][vc_column css=\u00bb.vc_custom_1497520246521{padding-top:<\/p>\n","protected":false},"author":1,"featured_media":0,"parent":0,"menu_order":0,"comment_status":"closed","ping_status":"closed","template":"","meta":{"inline_featured_image":false},"_links":{"self":[{"href":"https:\/\/www.catalinascollection.com\/es\/wp-json\/wp\/v2\/pages\/3553"}],"collection":[{"href":"https:\/\/www.catalinascollection.com\/es\/wp-json\/wp\/v2\/pages"}],"about":[{"href":"https:\/\/www.catalinascollection.com\/es\/wp-json\/wp\/v2\/types\/page"}],"author":[{"embeddable":true,"href":"https:\/\/www.catalinascollection.com\/es\/wp-json\/wp\/v2\/users\/1"}],"replies":[{"embeddable":true,"href":"https:\/\/www.catalinascollection.com\/es\/wp-json\/wp\/v2\/comments?post=3553"}],"version-history":[{"count":6,"href":"https:\/\/www.catalinascollection.com\/es\/wp-json\/wp\/v2\/pages\/3553\/revisions"}],"predecessor-version":[{"id":3684,"href":"https:\/\/www.catalinascollection.com\/es\/wp-json\/wp\/v2\/pages\/3553\/revisions\/3684"}],"wp:attachment":[{"href":"https:\/\/www.catalinascollection.com\/es\/wp-json\/wp\/v2\/media?parent=3553"}],"curies":[{"name":"wp","href":"https:\/\/api.w.org\/{rel}","templated":true}]}}