{"id":3923,"date":"2020-02-21T17:49:25","date_gmt":"2020-02-21T17:49:25","guid":{"rendered":"http:\/\/www.catalinascollection.com\/?page_id=3923"},"modified":"2020-02-27T20:37:52","modified_gmt":"2020-02-27T20:37:52","slug":"terminos-del-servicio","status":"publish","type":"page","link":"https:\/\/www.catalinascollection.com\/es\/terminos-del-servicio\/","title":{"rendered":"T\u00e9rminos y Condiciones"},"content":{"rendered":"<p><strong>T\u00e9rminos &amp; Condiciones<\/strong><\/p>\n<ul>\n<li>Todos los pagos se realizar\u00e1n en d\u00f3lares<\/li>\n<li>El c\u00e1lculo se basa en el tipo de cambio compra del d\u00eda del BCCC.<\/li>\n<\/ul>\n","protected":false},"excerpt":{"rendered":"<p>T\u00e9rminos &amp; Condiciones Todos los pagos se realizar\u00e1n en d\u00f3lares El c\u00e1lculo se basa en el tipo de cambio compra<\/p>\n","protected":false},"author":1,"featured_media":0,"parent":0,"menu_order":0,"comment_status":"closed","ping_status":"closed","template":"","meta":{"inline_featured_image":false},"_links":{"self":[{"href":"https:\/\/www.catalinascollection.com\/es\/wp-json\/wp\/v2\/pages\/3923"}],"collection":[{"href":"https:\/\/www.catalinascollection.com\/es\/wp-json\/wp\/v2\/pages"}],"about":[{"href":"https:\/\/www.catalinascollection.com\/es\/wp-json\/wp\/v2\/types\/page"}],"author":[{"embeddable":true,"href":"https:\/\/www.catalinascollection.com\/es\/wp-json\/wp\/v2\/users\/1"}],"replies":[{"embeddable":true,"href":"https:\/\/www.catalinascollection.com\/es\/wp-json\/wp\/v2\/comments?post=3923"}],"version-history":[{"count":7,"href":"https:\/\/www.catalinascollection.com\/es\/wp-json\/wp\/v2\/pages\/3923\/revisions"}],"predecessor-version":[{"id":4632,"href":"https:\/\/www.catalinascollection.com\/es\/wp-json\/wp\/v2\/pages\/3923\/revisions\/4632"}],"wp:attachment":[{"href":"https:\/\/www.catalinascollection.com\/es\/wp-json\/wp\/v2\/media?parent=3923"}],"curies":[{"name":"wp","href":"https:\/\/api.w.org\/{rel}","templated":true}]}}