{"id":10685,"date":"2026-02-18T20:30:26","date_gmt":"2026-02-18T20:30:26","guid":{"rendered":"https:\/\/www.catalinascollection.com\/?post_type=product&#038;p=10685"},"modified":"2026-02-18T20:34:43","modified_gmt":"2026-02-18T20:34:43","slug":"wideslash-eyelash-serum-suero-para-pestanas","status":"publish","type":"product","link":"https:\/\/www.catalinascollection.com\/es\/product\/wideslash-eyelash-serum-suero-para-pestanas\/","title":{"rendered":"123 MORE &#8211; Wideslash (Eyelash Serum \/ Suero para pesta\u00f1as) #2"},"content":{"rendered":"","protected":false},"excerpt":{"rendered":"<p><span id=\"tgtAlignment_0\" class=\"ts-alignment-element\" data-is-focusable=\"true\">Widelash<\/span> <span id=\"tgtAlignment_1\" class=\"ts-alignment-element\" data-is-focusable=\"true\">is<\/span> <span id=\"tgtAlignment_2\" class=\"ts-alignment-element\" data-is-focusable=\"true\">an<\/span> <span id=\"tgtAlignment_3\" class=\"ts-alignment-element\" data-is-focusable=\"true\">active<\/span> <span id=\"tgtAlignment_4\" class=\"ts-alignment-element\" data-is-focusable=\"true\">ingredient<\/span>\u00a0eyelash <span id=\"tgtAlignment_5\" class=\"ts-alignment-element\" data-is-focusable=\"true\">conditioner<\/span> \u00a0<span id=\"tgtAlignment_7\" class=\"ts-alignment-element\" data-is-focusable=\"true\">that<\/span> <span id=\"tgtAlignment_8\" class=\"ts-alignment-element-highlighted\" data-is-focusable=\"true\">helps<\/span> <span id=\"tgtAlignment_9\" class=\"ts-alignment-element\" data-is-focusable=\"true\">them<\/span> <span id=\"tgtAlignment_10\" class=\"ts-alignment-element\" data-is-focusable=\"true\">grow<\/span> <span id=\"tgtAlignment_11\" class=\"ts-alignment-element\" data-is-focusable=\"true\">and<\/span> <span id=\"tgtAlignment_12\" class=\"ts-alignment-element\" data-is-focusable=\"true\">prevent<\/span> <span id=\"tgtAlignment_13\" class=\"ts-alignment-element\" data-is-focusable=\"true\">them<\/span> from <span id=\"tgtAlignment_14\" class=\"ts-alignment-element\" data-is-focusable=\"true\">falling<\/span> off,\u00a0<span id=\"tgtAlignment_15\" class=\"ts-alignment-element\" data-is-focusable=\"true\">making<\/span> <span id=\"tgtAlignment_16\" class=\"ts-alignment-element\" data-is-focusable=\"true\">them<\/span> <span id=\"tgtAlignment_17\" class=\"ts-alignment-element\" data-is-focusable=\"true\">thicker<\/span> <span id=\"tgtAlignment_18\" class=\"ts-alignment-element\" data-is-focusable=\"true\">from<\/span> <span id=\"tgtAlignment_19\" class=\"ts-alignment-element\" data-is-focusable=\"true\">the<\/span> <span id=\"tgtAlignment_20\" class=\"ts-alignment-element\" data-is-focusable=\"true\">root.<\/span><\/p>\n<p>Widelash es un ingrediente activo acondicionador de pesta\u00f1as que las ayuda a crecer y evitan que se caigan haci\u00e9ndolas m\u00e1s gruesas desde la ra\u00edz.<\/p>\n","protected":false},"featured_media":10680,"comment_status":"open","ping_status":"closed","template":"","meta":{"inline_featured_image":false},"product_cat":[64],"product_tag":[],"_links":{"self":[{"href":"https:\/\/www.catalinascollection.com\/es\/wp-json\/wp\/v2\/product\/10685"}],"collection":[{"href":"https:\/\/www.catalinascollection.com\/es\/wp-json\/wp\/v2\/product"}],"about":[{"href":"https:\/\/www.catalinascollection.com\/es\/wp-json\/wp\/v2\/types\/product"}],"replies":[{"embeddable":true,"href":"https:\/\/www.catalinascollection.com\/es\/wp-json\/wp\/v2\/comments?post=10685"}],"wp:featuredmedia":[{"embeddable":true,"href":"https:\/\/www.catalinascollection.com\/es\/wp-json\/wp\/v2\/media\/10680"}],"wp:attachment":[{"href":"https:\/\/www.catalinascollection.com\/es\/wp-json\/wp\/v2\/media?parent=10685"}],"wp:term":[{"taxonomy":"product_cat","embeddable":true,"href":"https:\/\/www.catalinascollection.com\/es\/wp-json\/wp\/v2\/product_cat?post=10685"},{"taxonomy":"product_tag","embeddable":true,"href":"https:\/\/www.catalinascollection.com\/es\/wp-json\/wp\/v2\/product_tag?post=10685"}],"curies":[{"name":"wp","href":"https:\/\/api.w.org\/{rel}","templated":true}]}}