{"id":4235,"date":"2020-02-25T22:19:24","date_gmt":"2020-02-25T22:19:24","guid":{"rendered":"http:\/\/www.catalinascollection.com\/?post_type=product&#038;p=4235"},"modified":"2022-10-18T03:17:56","modified_gmt":"2022-10-18T03:17:56","slug":"body-mist-watermelon-sandia","status":"publish","type":"product","link":"https:\/\/www.catalinascollection.com\/es\/product\/body-mist-watermelon-sandia\/","title":{"rendered":"Body Mist (Watermelon \/ Sandia)"},"content":{"rendered":"","protected":false},"excerpt":{"rendered":"<p>Refreshing perfume mist, its high concentration of aromatic notes makes the aroma have a long duration on the body.<\/p>\n<p>Agua refrescante de tocador, su alta concentraci\u00f3n de notas arom\u00e1ticas hace que el aroma tenga una duraci\u00f3n prolongada.<\/p>\n","protected":false},"featured_media":4316,"comment_status":"open","ping_status":"closed","template":"","meta":{"inline_featured_image":false},"product_cat":[39],"product_tag":[],"_links":{"self":[{"href":"https:\/\/www.catalinascollection.com\/es\/wp-json\/wp\/v2\/product\/4235"}],"collection":[{"href":"https:\/\/www.catalinascollection.com\/es\/wp-json\/wp\/v2\/product"}],"about":[{"href":"https:\/\/www.catalinascollection.com\/es\/wp-json\/wp\/v2\/types\/product"}],"replies":[{"embeddable":true,"href":"https:\/\/www.catalinascollection.com\/es\/wp-json\/wp\/v2\/comments?post=4235"}],"wp:featuredmedia":[{"embeddable":true,"href":"https:\/\/www.catalinascollection.com\/es\/wp-json\/wp\/v2\/media\/4316"}],"wp:attachment":[{"href":"https:\/\/www.catalinascollection.com\/es\/wp-json\/wp\/v2\/media?parent=4235"}],"wp:term":[{"taxonomy":"product_cat","embeddable":true,"href":"https:\/\/www.catalinascollection.com\/es\/wp-json\/wp\/v2\/product_cat?post=4235"},{"taxonomy":"product_tag","embeddable":true,"href":"https:\/\/www.catalinascollection.com\/es\/wp-json\/wp\/v2\/product_tag?post=4235"}],"curies":[{"name":"wp","href":"https:\/\/api.w.org\/{rel}","templated":true}]}}