{"id":5604,"date":"2020-02-29T02:02:16","date_gmt":"2020-02-29T02:02:16","guid":{"rendered":"https:\/\/www.catalinascollection.com\/?post_type=product&#038;p=5604"},"modified":"2026-02-18T20:37:03","modified_gmt":"2026-02-18T20:37:03","slug":"wideslash-eyelash-serum-suero-para-pestanas-2","status":"publish","type":"product","link":"https:\/\/www.catalinascollection.com\/es\/product\/wideslash-eyelash-serum-suero-para-pestanas-2\/","title":{"rendered":"123 MORE &#8211; Aceite de Ricino (Eyebrow Serum \/ Suero para cejas)"},"content":{"rendered":"","protected":false},"excerpt":{"rendered":"<p>Nutrici\u00f3n intensa que fortalece y estimula el crecimiento natural de tus cejas. Ideal para vos si so\u00f1\u00e1s con unas cejas m\u00e1s pobladas y definidas.<\/p>\n<p>Intense nourishment that strengthens and stimulates the natural growth of your eyebrows. Ideal for you if you dream of fuller, more defined eyebrows.<\/p>\n","protected":false},"featured_media":10686,"comment_status":"open","ping_status":"closed","template":"","meta":{"inline_featured_image":false},"product_cat":[64],"product_tag":[],"_links":{"self":[{"href":"https:\/\/www.catalinascollection.com\/es\/wp-json\/wp\/v2\/product\/5604"}],"collection":[{"href":"https:\/\/www.catalinascollection.com\/es\/wp-json\/wp\/v2\/product"}],"about":[{"href":"https:\/\/www.catalinascollection.com\/es\/wp-json\/wp\/v2\/types\/product"}],"replies":[{"embeddable":true,"href":"https:\/\/www.catalinascollection.com\/es\/wp-json\/wp\/v2\/comments?post=5604"}],"wp:featuredmedia":[{"embeddable":true,"href":"https:\/\/www.catalinascollection.com\/es\/wp-json\/wp\/v2\/media\/10686"}],"wp:attachment":[{"href":"https:\/\/www.catalinascollection.com\/es\/wp-json\/wp\/v2\/media?parent=5604"}],"wp:term":[{"taxonomy":"product_cat","embeddable":true,"href":"https:\/\/www.catalinascollection.com\/es\/wp-json\/wp\/v2\/product_cat?post=5604"},{"taxonomy":"product_tag","embeddable":true,"href":"https:\/\/www.catalinascollection.com\/es\/wp-json\/wp\/v2\/product_tag?post=5604"}],"curies":[{"name":"wp","href":"https:\/\/api.w.org\/{rel}","templated":true}]}}