{"id":9742,"date":"2021-02-04T16:45:23","date_gmt":"2021-02-04T16:45:23","guid":{"rendered":"https:\/\/www.catalinascollection.com\/?post_type=product&#038;p=9742"},"modified":"2021-07-20T04:56:00","modified_gmt":"2021-07-20T04:56:00","slug":"liquid-hand-sanitizer-70-solucion-alcoholica-al-70-galon","status":"publish","type":"product","link":"https:\/\/www.catalinascollection.com\/es\/product\/liquid-hand-sanitizer-70-solucion-alcoholica-al-70-galon\/","title":{"rendered":"Liquid Hand Sanitizer 70% \/ Soluci\u00f3n Alcoh\u00f3lica al 70% (gal\u00f3n)"},"content":{"rendered":"","protected":false},"excerpt":{"rendered":"<p>Odor Free liquid hand Sanitizer at 70%<\/p>\n<p>Soluci\u00f3n Alcoh\u00f3lica al 70%<\/p>\n<p>&nbsp;<\/p>\n","protected":false},"featured_media":9743,"comment_status":"open","ping_status":"closed","template":"","meta":{"inline_featured_image":false},"product_cat":[39,40,67,75],"product_tag":[],"_links":{"self":[{"href":"https:\/\/www.catalinascollection.com\/es\/wp-json\/wp\/v2\/product\/9742"}],"collection":[{"href":"https:\/\/www.catalinascollection.com\/es\/wp-json\/wp\/v2\/product"}],"about":[{"href":"https:\/\/www.catalinascollection.com\/es\/wp-json\/wp\/v2\/types\/product"}],"replies":[{"embeddable":true,"href":"https:\/\/www.catalinascollection.com\/es\/wp-json\/wp\/v2\/comments?post=9742"}],"wp:featuredmedia":[{"embeddable":true,"href":"https:\/\/www.catalinascollection.com\/es\/wp-json\/wp\/v2\/media\/9743"}],"wp:attachment":[{"href":"https:\/\/www.catalinascollection.com\/es\/wp-json\/wp\/v2\/media?parent=9742"}],"wp:term":[{"taxonomy":"product_cat","embeddable":true,"href":"https:\/\/www.catalinascollection.com\/es\/wp-json\/wp\/v2\/product_cat?post=9742"},{"taxonomy":"product_tag","embeddable":true,"href":"https:\/\/www.catalinascollection.com\/es\/wp-json\/wp\/v2\/product_tag?post=9742"}],"curies":[{"name":"wp","href":"https:\/\/api.w.org\/{rel}","templated":true}]}}